{"id":1549,"date":"2018-05-27T23:46:34","date_gmt":"2018-05-28T03:46:34","guid":{"rendered":"https:\/\/drjoe.com\/?post_type=product&#038;p=1549"},"modified":"2025-12-22T11:11:59","modified_gmt":"2025-12-22T15:11:59","slug":"dr-joes-nitric-oxide-support","status":"publish","type":"product","link":"https:\/\/drjoe.com\/es\/producto\/dr-joes-nitric-oxide-support\/","title":{"rendered":"El \u00d3xido N\u00edtrico Apoyo"},"content":{"rendered":"<p><iframe title=\"Nitric Oxide\" width=\"800\" height=\"450\" src=\"https:\/\/www.youtube.com\/embed\/EXqctJ9ZBIw?feature=oembed&#038;enablejsapi=1&#038;origin=https:\/\/drjoe.com\" frameborder=\"0\" allow=\"accelerometer; autoplay; clipboard-write; encrypted-media; gyroscope; picture-in-picture; web-share\" referrerpolicy=\"strict-origin-when-cross-origin\" allowfullscreen><\/iframe><\/p>\n<div>\n<h3><b>ABOUT<\/b><\/h3>\n<\/div>\n<div class=\"long-desc\"><a href=\"https:\/\/drjoe.com\/es\/\">Dr. Joe&#8217;s<\/a> Nitric Oxide Support is a unique formula designed to maintain healthy blood pressure levels by enhancing nitric oxide synthesis. 120 count per bottle. The aging process, over-consumption of high glycemic load foods, stress, physical inactivity, and toxic burden can all wreak havoc on endothelial cells by disrupting the inflammatory balance. This disruption can lead to arterial rigidity and vasoconstriction, due to the decrease in levels of circulating nitric oxide (NO), a potent vasodilator and cell signaling molecule. NO is produced with the help of endothelial nitric oxide synthase (eNOS) during the recycling of L-arginine to L-citrulline in the urea cycle. NO diffuses into the smooth muscle cells lining arteries and initiates a cascade of phosphorylation reactions resulting in smooth muscle relaxation and vasodilation of the artery. Using a combination of high-dose L-citrulline, quercetin, and grape seed extract, Dr. Joe&#8217;s Nitric Oxide Support delivers full-spectrum support to help maintain inflammatory balance, arterial elasticity, optimal nitric oxide levels, and blood flow. Recent research shows that when compared to L-arginine, supplemental L-citrulline maintains peak plasma NO levels for twice the length of time, resulting in normal blood flow. Quercetin is a well-known flavonoid shown to inhibit ICAM-1 and NFkB, allowing for a normal inflammatory balance.<\/div>\n<div><\/div>\n<h3>NOTE<\/h3>\n<div><em>If you have low blood pressure, speak with us before taking this product. We may recommend a smaller serving or additional supplements. This product should not be taken the same day with medication used to treat erectile dysfunction.<\/em><\/div>\n<p>&nbsp;<\/p>\n<div>\n<h3><b>SUGGESTED USE<\/b><\/h3>\n<p><span style=\"font-weight: 400;\">120 count per bottle.<\/span><span style=\"font-weight: 400;\"> 4 capsules per day or as recommended by your health care professional. If this is your first time taking this supplement, Dr. Joe recommends starting off with 1 capsule. See how you feel, and increase as necessary. Some individuals have reported a dramatic increase in energy when taking this supplement. If that is true in your case, it is recommended that you take this supplement early in the day.<\/span><\/p>\n<\/div>\n<p>&nbsp;<\/p>\n<div>\n<h3><b>INGREDIENT BENEFITS<\/b><\/h3>\n<p><b>L-Citrulline<\/b><\/p>\n<p><span style=\"font-weight: 400;\">L-citrulline is one of three dietary amino acids in the urea cycle responsible for converting ammonia into urea as well as for the production of NO, an important cellular signaling molecule. In this process, L-citrulline is the natural precursor of L-arginine, the substrate used by endothelial nitric oxide synthase (eNOS) to produce NO.<\/span><\/p>\n<p><b>Quercetin Dihydrate<\/b><\/p>\n<p><span style=\"font-weight: 400;\">A flavonoid found in a variety of botanicals, vegetables, and fruits, quercetin is a potent antioxidant that inhibits inducible ICAM-1 expression, an important pathway for maintaining normal inflammatory balance.<\/span><\/p>\n<p><b>MegaNatural\u00ae BP Grape Seed Extract<\/b><\/p>\n<p><span style=\"font-weight: 400;\">MegaNatural\u00ae BP is a premium grape seed extract made in California from a special seed blend extracted with water from a variety of white wine grape seeds. Grapes and grape products contain phenolic compounds found to have health-promoting properties, particularly in cardiovascular wellness.<\/span><\/p>\n<h3>Signs and Symptoms of Deficiencies<\/h3>\n<p><em>Symptoms of deficiency may include:<\/em><\/p>\n<ul>\n<li>Fatigue<\/li>\n<li>Low workout potential<\/li>\n<li>Less stamina<\/li>\n<li>Erectile dysfunction or decreased libido<\/li>\n<li>Poor memory<\/li>\n<li>Irritability, depression or anxiety<\/li>\n<li>Insomnia<\/li>\n<li>High blood pressure (hypertension)<\/li>\n<li>Decreased heart function<\/li>\n<li>Asthma or poor lung function<\/li>\n<li>Thin bones<\/li>\n<\/ul>\n<\/div>","protected":false},"excerpt":{"rendered":"<p><strong>\ud83e\ude78 1. Soporta El Flujo De Sangre Saludable Y Vascular De La Funci\u00f3n<\/strong><\/p>\n<p><strong>La L-citrulina<\/strong> es un amino\u00e1cido que ayuda al cuerpo a aumentar <strong>el \u00f3xido n\u00edtrico<\/strong> niveles. El \u00f3xido n\u00edtrico relaja y ensancha vasos sangu\u00edneos, mejorando la circulaci\u00f3n y el apoyo de una presi\u00f3n arterial saludable.<\/p>\n<p><strong>Extracto de semilla de uva<\/strong> contiene potentes compuestos vegetales que ayudan a proteger y nutrir el revestimiento de los vasos sangu\u00edneos, el apoyo a la flexibilidad y eficiente el flujo de sangre.<\/p>\n<p>Juntos, estos ingredientes ayudan a promover la buena circulaci\u00f3n y en general de la salud vascular.<\/p>\n<hr \/>\n<p><strong>\ud83d\udcaa 2. Mejora El Rendimiento Del Ejercicio Y Energ\u00eda<\/strong><\/p>\n<p>Mediante la mejora de la disponibilidad de \u00f3xido n\u00edtrico y de la circulaci\u00f3n, esta combinaci\u00f3n puede ayudar a proporcionar m\u00e1s ox\u00edgeno y nutrientes a los m\u00fasculos. Esto puede apoyar la resistencia, la resistencia, y despu\u00e9s de los ejercicios de recuperaci\u00f3n, lo que es beneficioso tanto para los atletas y personas activas.<\/p>\n<hr \/>\n<p><strong>\ud83d\udee1\ufe0f 3. Poderosa Protecci\u00f3n Antioxidante<\/strong><\/p>\n<p><strong>Dihidrato de quercetina<\/strong> es bien conocido como un flavonoide que ayuda a neutralizar los radicales libres, reduciendo el estr\u00e9s oxidativo que contribuye al envejecimiento celular y la inflamaci\u00f3n.<\/p>\n<p><strong>Extracto de semilla de uva<\/strong> a\u00f1ade m\u00e1s apoyo antioxidante, ayuda a proteger los tejidos de los estresores ambientales y de apoyo cardiovascular a largo plazo y la salud celular.<\/p>\n<hr \/>\n<p><strong>\u2764\ufe0f 4. Apoya El Sistema Cardiovascular Y Salud Del Coraz\u00f3n<\/strong><\/p>\n<p>Los tres componentes de apoyo a la salud de los vasos sangu\u00edneos mejorando la circulaci\u00f3n, reducir el estr\u00e9s oxidativo, y ayudar a mantener la salud de las respuestas inflamatorias. Esto hace que la combinaci\u00f3n especialmente de apoyo para la salud del coraz\u00f3n, de la circulaci\u00f3n al cerebro y cardiovasculares en general de bienestar.<\/p>\n<hr \/>\n<p><strong>\ud83e\udde0 5. Soporta Inflamatoria Saludable Equilibrio<\/strong><\/p>\n<p>La quercetina y el extracto de semilla de uva ayuda a regular las v\u00edas inflamatorias en el cuerpo. Equilibrado de la inflamaci\u00f3n es esencial para la salud de las articulaciones, la funci\u00f3n inmune y cardiovascular a largo plazo de apoyo.<\/p>\n<p>&nbsp;<\/p>\n<p>NO TOME ESTE PRODUCTO SI USTED TIENE PRESI\u00d3N ARTERIAL BAJA. SI USTED TIENE ALGUNA PREGUNTA, ENV\u00cdEME POR CORREO ELECTR\u00d3NICO EN\u00a0<a title=\"mailto:DRJOE@DRJOE.COM\" href=\"mailto:DRJOE@DRJOE.COM\" data-linkindex=\"0\" data-ogsc=\"\">DRJOE@DRJOE.COM<\/a><\/p>","protected":false},"featured_media":136203,"comment_status":"open","ping_status":"closed","template":"","meta":{"_acf_changed":false},"product_brand":[],"product_cat":[88,376,382,337,379,388,385,333,384,383,91,387,334],"product_tag":[103,210,261,166,168,167,209,85,86,80,169,246,172,244,263,211,208,102,262,260,222,206,264,220,259],"class_list":{"0":"post-1549","1":"product","2":"type-product","3":"status-publish","4":"has-post-thumbnail","6":"product_cat-dietary-supplements","7":"product_cat-asthma","8":"product_cat-digestion","9":"product_cat-gut-health","10":"product_cat-heart-health","11":"product_cat-insomnia","12":"product_cat-irritability","13":"product_cat-mens-health","14":"product_cat-poor-memory","15":"product_cat-sexual-issues","16":"product_cat-singles","17":"product_cat-thin-bones","18":"product_cat-womens-health","19":"product_tag-120-capsules","20":"product_tag-anxiety","21":"product_tag-asthma","22":"product_tag-beauty-and-aging","23":"product_tag-brain-health","24":"product_tag-cardiovascular-health","25":"product_tag-depression","26":"product_tag-dietary-supplement","27":"product_tag-dr-joe","28":"product_tag-dr-joe-esposito","29":"product_tag-energy","30":"product_tag-eye-sight","31":"product_tag-fatigue","32":"product_tag-fitness","33":"product_tag-heart-function","34":"product_tag-insomnia","35":"product_tag-irritability","36":"product_tag-nitric-oxide-support","37":"product_tag-poor-memory","38":"product_tag-respiratory-health","39":"product_tag-sexual-function","40":"product_tag-sexual-issues","41":"product_tag-thin-bones","42":"product_tag-weight-loss","43":"product_tag-weightloss","44":"has-subscription-plans","46":"first","47":"instock","48":"featured","49":"taxable","50":"shipping-taxable","51":"purchasable","52":"product-type-simple"},"bundled_by":[],"bundle_stock_status":"instock","bundle_stock_quantity":null,"bundle_virtual":false,"bundle_layout":"","bundle_add_to_cart_form_location":"","bundle_editable_in_cart":false,"bundle_sold_individually_context":"","bundle_item_grouping":"","bundle_min_size":"","bundle_max_size":"","bundle_price":[],"bundled_items":[],"bundle_sell_ids":[],"acf":[],"subscription_discounts_type":"fixed","fixed_subscription_discounts":[],"subscription_discounts_product_settings":{"layout":"default","default_variation":null},"subscription_discounts_roles_data":[],"percentage_subscription_discounts":[],"_links":{"self":[{"href":"https:\/\/drjoe.com\/es\/wp-json\/wp\/v2\/product\/1549","targetHints":{"allow":["GET"]}}],"collection":[{"href":"https:\/\/drjoe.com\/es\/wp-json\/wp\/v2\/product"}],"about":[{"href":"https:\/\/drjoe.com\/es\/wp-json\/wp\/v2\/types\/product"}],"replies":[{"embeddable":true,"href":"https:\/\/drjoe.com\/es\/wp-json\/wp\/v2\/comments?post=1549"}],"wp:featuredmedia":[{"embeddable":true,"href":"https:\/\/drjoe.com\/es\/wp-json\/wp\/v2\/media\/136203"}],"wp:attachment":[{"href":"https:\/\/drjoe.com\/es\/wp-json\/wp\/v2\/media?parent=1549"}],"wp:term":[{"taxonomy":"product_brand","embeddable":true,"href":"https:\/\/drjoe.com\/es\/wp-json\/wp\/v2\/product_brand?post=1549"},{"taxonomy":"product_cat","embeddable":true,"href":"https:\/\/drjoe.com\/es\/wp-json\/wp\/v2\/product_cat?post=1549"},{"taxonomy":"product_tag","embeddable":true,"href":"https:\/\/drjoe.com\/es\/wp-json\/wp\/v2\/product_tag?post=1549"}],"curies":[{"name":"wp","href":"https:\/\/api.w.org\/{rel}","templated":true}]}}