{"id":137304,"date":"2025-07-31T21:15:59","date_gmt":"2025-08-01T01:15:59","guid":{"rendered":"https:\/\/drjoe.com\/?post_type=product&#038;p=137304"},"modified":"2025-11-02T15:36:01","modified_gmt":"2025-11-02T19:36:01","slug":"dr-joes-energy-boost-chewables","status":"publish","type":"product","link":"https:\/\/drjoe.com\/es\/producto\/dr-joes-energy-boost-chewables\/","title":{"rendered":"Dr. Joe\u2019s Energy Boost Chewables"},"content":{"rendered":"<p><b><i data-olk-copy-source=\"MessageBody\">Natural Energy. No Crash. No Pills. Just Results.<\/i><\/b><\/p>\n<p>Dr. Joe\u2019s Energy Boost Chewables offer a fast-acting, convenient way to fuel clean, sustained energy, without caffeine, sugar crashes, or the hassle of swallowing pills.<\/p>\n<p>Each chewable combines two powerful ingredients:<\/p>\n<p><b>Citrulline<br \/>\n<\/b><\/p>\n<ul type=\"disc\">\n<li><span data-olk-copy-source=\"MessageBody\">Supports nitric oxide (NO) production, helping improve blood flow and circulation<\/span><\/li>\n<li>May enhance exercise performance by reducing fatigue and improving endurance<\/li>\n<li>Helps reduce muscle soreness after workouts<\/li>\n<li>Supports cardiovascular health by aiding in vasodilation (relaxing blood vessels)<\/li>\n<li>Can assist in lowering blood pressure in some individuals<\/li>\n<li>May improve erectile function by enhancing blood flow<\/li>\n<li>Plays a role in removing ammonia from the body, supporting detoxification and recovery<\/li>\n<\/ul>\n<p><b>Ginseng<br \/>\n<\/b><\/p>\n<ul type=\"disc\">\n<li><span data-olk-copy-source=\"MessageBody\">Acts as an adaptogen, helping the body manage stress<\/span><\/li>\n<li>Boosts energy levels and reduces fatigue<\/li>\n<li>May enhance cognitive function, focus, and memory<\/li>\n<li>Supports immune system health and resilience<\/li>\n<li>Has antioxidant and anti-inflammatory effects<\/li>\n<li>May help regulate blood sugar levels<\/li>\n<li>Can improve mood and reduce anxiety<\/li>\n<li>Supports sexual health and may improve erectile function<\/li>\n<li>May enhance physical performance and endurance<\/li>\n<\/ul>\n<p>Together, they support lasting energy, sharp focus, and better recovery, without overstimulation.<\/p>\n<p>If you have low blood pressure, start with \u00bc chewable and see how you feel. You can increase by \u00bc chewable a day, monitor how you feel. We don\u2019t want to drop you blood pressure too low.<\/p>","protected":false},"excerpt":{"rendered":"<p><b><i data-olk-copy-source=\"MessageBody\">Natural Energy. No Crash. No Pills. Just Results.<\/i><\/b><\/p>\n<p>Dr. Joe\u2019s Energy Boost Chewables offer a fast-acting, convenient way to fuel clean, sustained energy, without caffeine, sugar crashes, or the hassle of swallowing pills.<\/p>\n<p>Each chewable combines two powerful ingredients:<\/p>\n<p><b>Citrulline<br \/>\n<\/b><\/p>\n<ul type=\"disc\">\n<li><span data-olk-copy-source=\"MessageBody\">Supports nitric oxide (NO) production, helping improve blood flow and circulation<\/span><\/li>\n<li>May enhance exercise performance by reducing fatigue and improving endurance<\/li>\n<li>Helps reduce muscle soreness after workouts<\/li>\n<li>Supports cardiovascular health by aiding in vasodilation (relaxing blood vessels)<\/li>\n<li>Can assist in lowering blood pressure in some individuals<\/li>\n<li>May improve erectile function by enhancing blood flow<\/li>\n<li>Plays a role in removing ammonia from the body, supporting detoxification and recovery<\/li>\n<\/ul>\n<p><b>Ginseng<br \/>\n<\/b><\/p>\n<ul type=\"disc\">\n<li><span data-olk-copy-source=\"MessageBody\">Acts as an adaptogen, helping the body manage stress<\/span><\/li>\n<li>Boosts energy levels and reduces fatigue<\/li>\n<li>May enhance cognitive function, focus, and memory<\/li>\n<li>Supports immune system health and resilience<\/li>\n<li>Has antioxidant and anti-inflammatory effects<\/li>\n<li>May help regulate blood sugar levels<\/li>\n<li>Can improve mood and reduce anxiety<\/li>\n<li>Supports sexual health and may improve erectile function<\/li>\n<li>May enhance physical performance and endurance<\/li>\n<\/ul>\n<p>Together, they support lasting energy, sharp focus, and better recovery, without overstimulation.<\/p>\n<p>If you have low blood pressure, start with \u00bc chewable and see how you feel. You can increase by \u00bc chewable a day, monitor how you feel. We don\u2019t want to drop you blood pressure too low.<\/p>\n<p>&nbsp;<\/p>\n<p data-ogsb=\"white\"><b><span data-ogsc=\"black\" data-olk-copy-source=\"MessageBody\">Contraindications of Ginseng<\/span><\/b><span data-ogsc=\"black\">\u00a0include:<\/span><\/p>\n<ul type=\"disc\">\n<li data-ogsb=\"white\"><span data-ogsc=\"black\"><a title=\"https:\/\/www.bing.com\/ck\/a?!&amp;&amp;p=3904a8e57b43493bf0ea549d58dc318218c0debd14f3d04722cf12984bdb47edJmltdHM9MTc2MTUyMzIwMA&amp;ptn=3&amp;ver=2&amp;hsh=4&amp;fclid=1115d599-67a3-6478-3fbd-c317665a6597&amp;u=a1aHR0cHM6Ly93d3cud2VibWQuY29tL2RpZXQvc3VwcGxlbWVudC1ndWlkZS1naW5zZW5n&amp;ntb=1\" href=\"https:\/\/www.bing.com\/ck\/a?!&amp;&amp;p=3904a8e57b43493bf0ea549d58dc318218c0debd14f3d04722cf12984bdb47edJmltdHM9MTc2MTUyMzIwMA&amp;ptn=3&amp;ver=2&amp;hsh=4&amp;fclid=1115d599-67a3-6478-3fbd-c317665a6597&amp;u=a1aHR0cHM6Ly93d3cud2VibWQuY29tL2RpZXQvc3VwcGxlbWVudC1ndWlkZS1naW5zZW5n&amp;ntb=1\" target=\"_blank\" rel=\"noopener noreferrer\" data-auth=\"NotApplicable\" data-linkindex=\"0\" data-ogsc=\"\"><b data-ogsc=\"\">Pregnancy\u00a0and\u00a0Breastfeeding<\/b>: Ginseng is not recommended for pregnant or breastfeeding women due to potential hormonal effects.\u00a0<\/a><\/span><\/li>\n<\/ul>\n<ul type=\"disc\">\n<li data-ogsb=\"white\"><span data-ogsc=\"black\"><a title=\"https:\/\/www.bing.com\/ck\/a?!&amp;&amp;p=9d79a14638ac1496f44afbff1ac2745b50eeac00b48a18a87a428cac48810bccJmltdHM9MTc2MTUyMzIwMA&amp;ptn=3&amp;ver=2&amp;hsh=4&amp;fclid=1115d599-67a3-6478-3fbd-c317665a6597&amp;u=a1aHR0cHM6Ly93d3cubWVkaWNpbmVuZXQuY29tL3doYXRfYXJlX3RoZV9kYW5nZXJzX29mX3Rha2luZ19naW5zZW5nL2FydGljbGUuaHRt&amp;ntb=1\" href=\"https:\/\/www.bing.com\/ck\/a?!&amp;&amp;p=9d79a14638ac1496f44afbff1ac2745b50eeac00b48a18a87a428cac48810bccJmltdHM9MTc2MTUyMzIwMA&amp;ptn=3&amp;ver=2&amp;hsh=4&amp;fclid=1115d599-67a3-6478-3fbd-c317665a6597&amp;u=a1aHR0cHM6Ly93d3cubWVkaWNpbmVuZXQuY29tL3doYXRfYXJlX3RoZV9kYW5nZXJzX29mX3Rha2luZ19naW5zZW5nL2FydGljbGUuaHRt&amp;ntb=1\" target=\"_blank\" rel=\"noopener noreferrer\" data-auth=\"NotApplicable\" data-linkindex=\"1\" data-ogsc=\"\"><b data-ogsc=\"\">Autoimmune\u00a0Diseases<\/b>: Individuals with autoimmune diseases (like lupus or multiple sclerosis) should avoid ginseng as it may stimulate the immune system.\u00a0<\/a><\/span><\/li>\n<\/ul>\n<ul type=\"disc\">\n<li data-ogsb=\"white\"><span data-ogsc=\"black\"><a title=\"https:\/\/www.bing.com\/ck\/a?!&amp;&amp;p=3904a8e57b43493bf0ea549d58dc318218c0debd14f3d04722cf12984bdb47edJmltdHM9MTc2MTUyMzIwMA&amp;ptn=3&amp;ver=2&amp;hsh=4&amp;fclid=1115d599-67a3-6478-3fbd-c317665a6597&amp;u=a1aHR0cHM6Ly93d3cud2VibWQuY29tL2RpZXQvc3VwcGxlbWVudC1ndWlkZS1naW5zZW5n&amp;ntb=1\" href=\"https:\/\/www.bing.com\/ck\/a?!&amp;&amp;p=3904a8e57b43493bf0ea549d58dc318218c0debd14f3d04722cf12984bdb47edJmltdHM9MTc2MTUyMzIwMA&amp;ptn=3&amp;ver=2&amp;hsh=4&amp;fclid=1115d599-67a3-6478-3fbd-c317665a6597&amp;u=a1aHR0cHM6Ly93d3cud2VibWQuY29tL2RpZXQvc3VwcGxlbWVudC1ndWlkZS1naW5zZW5n&amp;ntb=1\" target=\"_blank\" rel=\"noopener noreferrer\" data-auth=\"NotApplicable\" data-linkindex=\"2\" data-ogsc=\"\"><b data-ogsc=\"\">Blood\u00a0Sugar\u00a0Levels<\/b>: Ginseng may affect blood sugar levels, so those with diabetes or hypoglycemia should use it cautiously.\u00a0<\/a><\/span><\/li>\n<\/ul>\n<ul type=\"disc\">\n<li data-ogsb=\"white\"><a title=\"https:\/\/www.bing.com\/ck\/a?!&amp;&amp;p=9d79a14638ac1496f44afbff1ac2745b50eeac00b48a18a87a428cac48810bccJmltdHM9MTc2MTUyMzIwMA&amp;ptn=3&amp;ver=2&amp;hsh=4&amp;fclid=1115d599-67a3-6478-3fbd-c317665a6597&amp;u=a1aHR0cHM6Ly93d3cubWVkaWNpbmVuZXQuY29tL3doYXRfYXJlX3RoZV9kYW5nZXJzX29mX3Rha2luZ19naW5zZW5nL2FydGljbGUuaHRt&amp;ntb=1\" href=\"https:\/\/www.bing.com\/ck\/a?!&amp;&amp;p=9d79a14638ac1496f44afbff1ac2745b50eeac00b48a18a87a428cac48810bccJmltdHM9MTc2MTUyMzIwMA&amp;ptn=3&amp;ver=2&amp;hsh=4&amp;fclid=1115d599-67a3-6478-3fbd-c317665a6597&amp;u=a1aHR0cHM6Ly93d3cubWVkaWNpbmVuZXQuY29tL3doYXRfYXJlX3RoZV9kYW5nZXJzX29mX3Rha2luZ19naW5zZW5nL2FydGljbGUuaHRt&amp;ntb=1\" target=\"_blank\" rel=\"noopener noreferrer\" data-auth=\"NotApplicable\" data-linkindex=\"3\" data-ogsc=\"\"><b data-ogsc=\"\"><span data-ogsc=\"blue\" data-olk-copy-source=\"MessageBody\">Surgery<\/span><\/b><span data-ogsc=\"blue\">: Ginseng may interfere with blood sugar control during and after surgery, so it is advised to stop taking it at least two weeks before a scheduled surgery.<\/span><\/a><\/li>\n<\/ul>\n<p>&nbsp;<\/p>\n<p>NO TOME ESTE PRODUCTO SI USTED TIENE PRESI\u00d3N ARTERIAL BAJA. SI USTED TIENE ALGUNA PREGUNTA, ENV\u00cdEME POR CORREO ELECTR\u00d3NICO EN\u00a0<a title=\"mailto:DRJOE@DRJOE.COM\" href=\"mailto:DRJOE@DRJOE.COM\" data-linkindex=\"0\" data-ogsc=\"\">DRJOE@DRJOE.COM<\/a><\/p>","protected":false},"featured_media":137978,"comment_status":"closed","ping_status":"closed","template":"","meta":{"_acf_changed":false},"product_brand":[],"product_cat":[389,403],"product_tag":[540,86,80],"class_list":{"0":"post-137304","1":"product","2":"type-product","3":"status-publish","4":"has-post-thumbnail","6":"product_cat-overall-health","7":"product_cat-weakness","8":"product_tag-chewables","9":"product_tag-dr-joe","10":"product_tag-dr-joe-esposito","11":"has-subscription-plans","13":"first","14":"instock","15":"taxable","16":"shipping-taxable","17":"purchasable","18":"product-type-simple"},"bundled_by":[],"bundle_stock_status":"instock","bundle_stock_quantity":null,"bundle_virtual":false,"bundle_layout":"","bundle_add_to_cart_form_location":"","bundle_editable_in_cart":false,"bundle_sold_individually_context":"","bundle_item_grouping":"","bundle_min_size":"","bundle_max_size":"","bundle_price":[],"bundled_items":[],"bundle_sell_ids":[],"acf":[],"subscription_discounts_type":"fixed","fixed_subscription_discounts":[],"subscription_discounts_product_settings":{"layout":"default","default_variation":null},"subscription_discounts_roles_data":[],"percentage_subscription_discounts":[],"_links":{"self":[{"href":"https:\/\/drjoe.com\/es\/wp-json\/wp\/v2\/product\/137304","targetHints":{"allow":["GET"]}}],"collection":[{"href":"https:\/\/drjoe.com\/es\/wp-json\/wp\/v2\/product"}],"about":[{"href":"https:\/\/drjoe.com\/es\/wp-json\/wp\/v2\/types\/product"}],"replies":[{"embeddable":true,"href":"https:\/\/drjoe.com\/es\/wp-json\/wp\/v2\/comments?post=137304"}],"wp:featuredmedia":[{"embeddable":true,"href":"https:\/\/drjoe.com\/es\/wp-json\/wp\/v2\/media\/137978"}],"wp:attachment":[{"href":"https:\/\/drjoe.com\/es\/wp-json\/wp\/v2\/media?parent=137304"}],"wp:term":[{"taxonomy":"product_brand","embeddable":true,"href":"https:\/\/drjoe.com\/es\/wp-json\/wp\/v2\/product_brand?post=137304"},{"taxonomy":"product_cat","embeddable":true,"href":"https:\/\/drjoe.com\/es\/wp-json\/wp\/v2\/product_cat?post=137304"},{"taxonomy":"product_tag","embeddable":true,"href":"https:\/\/drjoe.com\/es\/wp-json\/wp\/v2\/product_tag?post=137304"}],"curies":[{"name":"wp","href":"https:\/\/api.w.org\/{rel}","templated":true}]}}