{"id":135854,"date":"2025-07-11T10:53:22","date_gmt":"2025-07-11T14:53:22","guid":{"rendered":"https:\/\/drjoe.com\/?page_id=135854"},"modified":"2025-07-14T07:32:43","modified_gmt":"2025-07-14T11:32:43","slug":"about-dr-joe","status":"publish","type":"page","link":"https:\/\/drjoe.com\/es\/about-dr-joe\/","title":{"rendered":"Conocer A Joe"},"content":{"rendered":"<div data-elementor-type=\"wp-page\" data-elementor-id=\"135854\" class=\"elementor elementor-135854\" data-elementor-post-type=\"page\">\n\t\t\t\t<div class=\"elementor-element elementor-element-5c37609 e-flex e-con-boxed e-con e-parent\" data-id=\"5c37609\" data-element_type=\"container\" data-e-type=\"container\">\n\t\t\t\t\t<div class=\"e-con-inner\">\n\t\t<div class=\"elementor-element elementor-element-7e66287d e-con-full e-flex e-con e-child\" data-id=\"7e66287d\" data-element_type=\"container\" data-e-type=\"container\" data-settings=\"{&quot;background_background&quot;:&quot;classic&quot;}\">\n\t\t\t\t<div class=\"elementor-element elementor-element-495308cd elementor-widget elementor-widget-heading\" data-id=\"495308cd\" data-element_type=\"widget\" data-e-type=\"widget\" data-widget_type=\"heading.default\">\n\t\t\t\t<div class=\"elementor-widget-container\">\n\t\t\t\t\t<h2 class=\"elementor-heading-title elementor-size-default\">About Dr. Joe<\/h2>\t\t\t\t<\/div>\n\t\t\t\t<\/div>\n\t\t\t\t<div class=\"elementor-element elementor-element-64d1922d elementor-widget elementor-widget-text-editor\" data-id=\"64d1922d\" data-element_type=\"widget\" data-e-type=\"widget\" data-widget_type=\"text-editor.default\">\n\t\t\t\t<div class=\"elementor-widget-container\">\n\t\t\t\t\t\t\t\t\t<div class=\"block-large-content\"><p>&#8220;I want to get you well and keep you well.\u201d<\/p><\/div><div class=\"block-content\"><p>Cuando me enter\u00e9 acerca de la quiropr\u00e1ctica, por primera vez, las cosas empezaron a tener sentido de por qu\u00e9 mi pap\u00e1 estaba en el dolor y sab\u00eda que no hab\u00eda esperanza. Por la correcci\u00f3n de su desalineaci\u00f3n de la columna vertebral, se reduce el dolor y permiti\u00f3 que sus \u00f3rganos funcionen en un nivel mucho m\u00e1s alto. La quiropr\u00e1ctica es un protector de la vida de mi pap\u00e1. Se le permiti\u00f3 volver a una vida m\u00e1s normal, y permitiendo que su cuerpo para funcionar normalmente, \u00e9l fue capaz de ser un gran padre y un espectacular hombre de familia. Cuando vi la transformaci\u00f3n milagrosa de mi pap\u00e1, yo sab\u00eda que esto es lo que quer\u00eda hacer por el resto de mi vida, naturalmente, ayudar a la gente bien y estar bien.<\/p><\/div>\t\t\t\t\t\t\t\t<\/div>\n\t\t\t\t<\/div>\n\t\t\t\t<\/div>\n\t\t<div class=\"elementor-element elementor-element-1dfaea94 e-con-full e-flex e-con e-child\" data-id=\"1dfaea94\" data-element_type=\"container\" data-e-type=\"container\">\n\t\t\t\t<div class=\"elementor-element elementor-element-6a9ae2d9 elementor-widget elementor-widget-image\" data-id=\"6a9ae2d9\" data-element_type=\"widget\" data-e-type=\"widget\" data-widget_type=\"image.default\">\n\t\t\t\t<div class=\"elementor-widget-container\">\n\t\t\t\t\t\t\t\t\t\t\t\t\t\t\t<img fetchpriority=\"high\" decoding=\"async\" width=\"800\" height=\"475\" src=\"https:\/\/drjoe.com\/wp-content\/uploads\/2025\/07\/joe-ExtraWide.png\" class=\"attachment-large size-large wp-image-135856\" alt=\"Dr. Joe|Meet Joe\" srcset=\"https:\/\/drjoe.com\/wp-content\/uploads\/2025\/07\/joe-ExtraWide.png 944w, https:\/\/drjoe.com\/wp-content\/uploads\/2025\/07\/joe-ExtraWide-300x178.png 300w, https:\/\/drjoe.com\/wp-content\/uploads\/2025\/07\/joe-ExtraWide-600x356.png 600w, https:\/\/drjoe.com\/wp-content\/uploads\/2025\/07\/joe-ExtraWide-64x38.png 64w, https:\/\/drjoe.com\/wp-content\/uploads\/2025\/07\/joe-ExtraWide-768x456.png 768w, https:\/\/drjoe.com\/wp-content\/uploads\/2025\/07\/joe-ExtraWide-800x475.png 800w, https:\/\/drjoe.com\/wp-content\/uploads\/2025\/07\/joe-ExtraWide-95x56.png 95w, https:\/\/drjoe.com\/wp-content\/uploads\/2025\/07\/joe-ExtraWide-190x113.png 190w\" sizes=\"(max-width: 800px) 100vw, 800px\" title=\"joe-ExtraWide.png\" \/>\t\t\t\t\t\t\t\t\t\t\t\t\t\t\t<\/div>\n\t\t\t\t<\/div>\n\t\t\t\t<\/div>\n\t\t\t\t\t<\/div>\n\t\t\t\t<\/div>\n\t\t<div class=\"elementor-element elementor-element-6de8ab36 e-flex e-con-boxed e-con e-parent\" data-id=\"6de8ab36\" data-element_type=\"container\" data-e-type=\"container\" data-settings=\"{&quot;background_background&quot;:&quot;classic&quot;}\">\n\t\t\t\t\t<div class=\"e-con-inner\">\n\t\t\t\t<div class=\"elementor-element elementor-element-65c8504b elementor-widget elementor-widget-text-editor\" data-id=\"65c8504b\" data-element_type=\"widget\" data-e-type=\"widget\" data-widget_type=\"text-editor.default\">\n\t\t\t\t<div class=\"elementor-widget-container\">\n\t\t\t\t\t\t\t\t\t<div class=\"block-large-content\"><div class=\"block-large-content\"><p>Personality<\/p><\/div><p>I host a nationally syndicated radio show called \u201cThe Dr. Joe Show\u201d that allows me to have the venue to spread the message to tens of thousands of people every week. The positive response to every show is overwhelming. I feel very blessed to have this opportunity and plan on doing this for a long, long time.<\/p><div class=\"block-large-content\"><p>La educaci\u00f3n<\/p><\/div><p>In 1981, I began my graduate work at\u00a0<a href=\"http:\/\/www.life.edu\/\" rel=\"noopener noreferrer\" target=\"_blank\">Life University<\/a>\u00a0in Marietta, Georgia. I chose Life University because it was the best education available. The more I discovered about chiropractic, the more amazed I was at how far reaching it could be. Then, when I began to research nutrition, I found the \u201cwhole package of health,\u201d that is, removing interference from the nervous system (un-pinching the nerves) thus allowing the brain to communicate with the body, improving the digestive system, and giving the body the food it requires to function at 100%. I have been in practice for over 37 years and have the following degrees and certifications:<\/p><ul><li>Diplomate Chiropractic Board of Clinical Nutrition<\/li><li>Diplomate American Board of Chiropractic Orthopedists<\/li><li>Diplomate American Academy of Pain Management<\/li><li>Diplomate of College of Clinical Nutrition<\/li><li>BS Clinical Nutrition<\/li><li>Certified in Traumatic Brain Injuries<\/li><li>Licensed Dietitian (retired)<\/li><\/ul><div class=\"block-large-content\"><p>Career<\/p><\/div><p>\u201cI want to get you well and keep you well.\u201d This is the principle by which I run my practice. I believe in a holistic approach that involves fixing pinched nerves, repairing the digestive system, and teaching my patients good nutritional habits. I want to reach as many people as possible to prevent them from suffering needlessly. I treat patients of all ages with a variety of conditions. It is so satisfying when a patient is able to understand the cause of his or her health issue, and we are able to treat the cause not just the symptoms. In addition to being a chiropractor, I am also a lecturer, award-winning author, television host, and radio host.<\/p><\/div>\t\t\t\t\t\t\t\t<\/div>\n\t\t\t\t<\/div>\n\t\t\t\t\t<\/div>\n\t\t\t\t<\/div>\n\t\t\t\t<\/div>","protected":false},"excerpt":{"rendered":"<p>About Dr. Joe &#8220;I want to get you well and keep you well.\u201d When I learned about chiropractic, for the first time things started to make sense as to why my dad was in pain and I knew there was hope. By correcting his misaligned spine, it reduced the pain and allowed his organs to [&hellip;]<\/p>\n","protected":false},"author":11527,"featured_media":0,"parent":0,"menu_order":0,"comment_status":"closed","ping_status":"closed","template":"","meta":{"_acf_changed":false,"footnotes":""},"class_list":["post-135854","page","type-page","status-publish","hentry"],"acf":[],"_links":{"self":[{"href":"https:\/\/drjoe.com\/es\/wp-json\/wp\/v2\/pages\/135854","targetHints":{"allow":["GET"]}}],"collection":[{"href":"https:\/\/drjoe.com\/es\/wp-json\/wp\/v2\/pages"}],"about":[{"href":"https:\/\/drjoe.com\/es\/wp-json\/wp\/v2\/types\/page"}],"author":[{"embeddable":true,"href":"https:\/\/drjoe.com\/es\/wp-json\/wp\/v2\/users\/11527"}],"replies":[{"embeddable":true,"href":"https:\/\/drjoe.com\/es\/wp-json\/wp\/v2\/comments?post=135854"}],"version-history":[{"count":2,"href":"https:\/\/drjoe.com\/es\/wp-json\/wp\/v2\/pages\/135854\/revisions"}],"predecessor-version":[{"id":135862,"href":"https:\/\/drjoe.com\/es\/wp-json\/wp\/v2\/pages\/135854\/revisions\/135862"}],"wp:attachment":[{"href":"https:\/\/drjoe.com\/es\/wp-json\/wp\/v2\/media?parent=135854"}],"curies":[{"name":"wp","href":"https:\/\/api.w.org\/{rel}","templated":true}]}}